{"id":933,"date":"2015-08-08T09:53:07","date_gmt":"2015-08-08T09:53:07","guid":{"rendered":"http:\/\/www.vtei.cz\/?page_id=933"},"modified":"2026-02-10T13:31:30","modified_gmt":"2026-02-10T12:31:30","slug":"kalendar-akci","status":"publish","type":"page","link":"https:\/\/www.vtei.cz\/en\/kalendar-akci\/","title":{"rendered":"Event calendar"},"content":{"rendered":"<div class=\"clanek-default\">\n<div id=\"clanek-default-nadpis\">\n<div class=\"field-items\">\n<div class=\"field-items\">\n<div class=\"clanek-default\">\n<div class=\"centering\">\n<h4 class=\"clanek-default\">4\u20137 May 2026<\/h4>\n<\/div>\n<\/div>\n<\/div>\n<\/div>\n<\/div>\n<div>\n<h2>IFAT Munich 2026. Solutions for Water, Recycling and Circularity<\/h2>\n<p>Organizer: EU \u2013 NOVUMM2KET<\/p>\n<p>Venue: M\u00fcnchen (Deutschland)<\/p>\n<p><span class=\"Y2IQFc\" lang=\"en\">More information about the congress<\/span><span class=\"Y2IQFc\" lang=\"en\"> is available at\u00a0<\/span><a href=\"https:\/\/ifat.de\/en\/trade-fair\/\">https:\/\/ifat.de\/en\/trade-fair\/<\/a><\/div>\n<hr \/>\n<h4 class=\"centering\">4\u2013 8 October 2026<\/h4>\n<\/div>\n<div>\n<h2 id=\"tw-target-text\" class=\"tw-data-text tw-text-large tw-ta\" dir=\"ltr\" tabindex=\"-1\" role=\"text\" data-placeholder=\"P\u0159eklad\" data-ved=\"2ahUKEwiF4IHugs6PAxW6Q_EDHQWMGBgQ3ewLegQIChAU\" aria-label=\"P\u0159elo\u017een\u00fd text: Vodn\u00ed opat\u0159en\u00ed \u2013 cesta k odolnosti a prosperit\u011b\"><span class=\"Y2IQFc\" lang=\"cs\">IWA World Water Congress &amp; Exhibition 2026:\u00a0<\/span>Water action \u2013 the path to resilience and prosperity<\/h2>\n<p>Organizer: IWA<\/p>\n<p><span class=\"il\">Venue:<\/span> Glasgow (UK)<\/p>\n<p><span class=\"Y2IQFc\" lang=\"en\">More information about the congress<\/span><span class=\"Y2IQFc\" lang=\"en\"> is available at<\/span> <a href=\"https:\/\/worldwatercongress.org\/wp-content\/uploads\/2025\/07\/IWA-WWCE_2026_Call-for-Content.pdf\">https:\/\/worldwatercongress.org\/wp-content\/uploads\/2025\/07\/IWA-WWCE_2026_Call-for-Content.pdf<\/a><\/p>\n<hr \/>\n<\/div>\n<div class=\"clanek-default\">\n<div class=\"centering\">\n<div id=\"clanek-default-nadpis\">\n<div><\/div>\n<\/div>\n<\/div>\n<\/div>\n<div>\n<div><\/div>\n<\/div>\n","protected":false},"excerpt":{"rendered":"<p>4\u20137 May 2026 IFAT Munich 2026. Solutions for Water, Recycling and Circularity Organizer: EU \u2013 NOVUMM2KET Venue: M\u00fcnchen (Deutschland) More information about the congress is available at\u00a0https:\/\/ifat.de\/en\/trade-fair\/ 4\u2013 8 October 2026 IWA World Water Congress &amp; Exhibition 2026:\u00a0Water action \u2013 the path to resilience and prosperity Organizer: IWA Venue: Glasgow (UK) More information about the&#8230;  <a href=\"https:\/\/www.vtei.cz\/en\/kalendar-akci\/\" class=\"more-link\" title=\"Read Event calendar\">Read more &raquo;<\/a><\/p>\n","protected":false},"author":8,"featured_media":0,"parent":0,"menu_order":0,"comment_status":"closed","ping_status":"closed","template":"","meta":{"_acf_changed":false,"footnotes":""},"coauthors":[73],"class_list":["post-933","page","type-page","status-publish","hentry"],"acf":[],"_links":{"self":[{"href":"https:\/\/www.vtei.cz\/en\/wp-json\/wp\/v2\/pages\/933","targetHints":{"allow":["GET"]}}],"collection":[{"href":"https:\/\/www.vtei.cz\/en\/wp-json\/wp\/v2\/pages"}],"about":[{"href":"https:\/\/www.vtei.cz\/en\/wp-json\/wp\/v2\/types\/page"}],"author":[{"embeddable":true,"href":"https:\/\/www.vtei.cz\/en\/wp-json\/wp\/v2\/users\/8"}],"replies":[{"embeddable":true,"href":"https:\/\/www.vtei.cz\/en\/wp-json\/wp\/v2\/comments?post=933"}],"version-history":[{"count":81,"href":"https:\/\/www.vtei.cz\/en\/wp-json\/wp\/v2\/pages\/933\/revisions"}],"predecessor-version":[{"id":37470,"href":"https:\/\/www.vtei.cz\/en\/wp-json\/wp\/v2\/pages\/933\/revisions\/37470"}],"wp:attachment":[{"href":"https:\/\/www.vtei.cz\/en\/wp-json\/wp\/v2\/media?parent=933"}],"wp:term":[{"taxonomy":"author","embeddable":true,"href":"https:\/\/www.vtei.cz\/en\/wp-json\/wp\/v2\/coauthors?post=933"}],"curies":[{"name":"wp","href":"https:\/\/api.w.org\/{rel}","templated":true}]}}