{"id":28169,"date":"2024-02-20T10:20:14","date_gmt":"2024-02-20T09:20:14","guid":{"rendered":"https:\/\/www.vtei.cz\/?page_id=28169"},"modified":"2026-03-24T10:57:17","modified_gmt":"2026-03-24T09:57:17","slug":"editorial-board","status":"publish","type":"page","link":"https:\/\/www.vtei.cz\/en\/editorial-board\/","title":{"rendered":"Editorial team"},"content":{"rendered":"<h3>Chairman of the Editorial and Scientific Board:<\/h3>\n<ul>\n<li><strong>Ing. Libor Ansorge, Ph.D.<\/strong><br \/>\nT. G. Masaryk Water Research Institute, p. r. i., Prague (Czech Republic)<br \/>\nORCID: 0000-0003-3963-8290<\/li>\n<\/ul>\n<h3>Editorial board members (alphabetical order):<\/h3>\n<ul>\n<li><strong>Mgr. R\u00f3bert Chria\u0161te\u013e<\/strong><br \/>\nSlovak Hydrometeorological Institute, Bansk\u00e1 Bystrica (Slovak Republic)<\/li>\n<\/ul>\n<ul>\n<li><strong>doc. Ing. Michaela Dan\u00e1\u010dov\u00e1, Ph.D.<\/strong><br \/>\nSlovak University of Technology, Bratislava (Slovak Republic)<br \/>\nORCID: 0000-0002-5789-5365<\/li>\n<\/ul>\n<ul>\n<li><strong>RNDr. Jan Da\u0148helka, Ph.D.<\/strong><br \/>\nCzech Hydrometeorological Institute, Prague (Czech Republic)<br \/>\nORCID: 0000-0002-6860-464X<\/li>\n<\/ul>\n<ul>\n<li><strong>doc. Dr. Ing. Pavel Fo\u0161umpaur<\/strong><br \/>\nCzech Technical University, Prague (Czech Republic)<br \/>\nORCID: 0000-0001-6702-5235<\/li>\n<\/ul>\n<ul>\n<li><strong>doc. Ing. Silvie Hevi\u00e1nkov\u00e1, Ph.D.<\/strong><br \/>\nVSB \u2013 Technical University, Ostrava (Czech Republic)<br \/>\nORCID: 0000-0002-6370-6874<\/li>\n<\/ul>\n<ul>\n<li><strong>Mgr. V\u00edt Kode\u0161, Ph.D.<\/strong><br \/>\nCzech Hydrometeorological Institute, Prague (Czech Republic)<br \/>\nORCID: 0000-0001-9637-6237<\/li>\n<\/ul>\n<ul>\n<li><strong>Ing. Ji\u0159\u00ed Ku\u010dera<\/strong><br \/>\nT. G. Masaryk Water Research Institute, p. r. i., Prague (Czech Republic)<br \/>\nORCID: 0000-0002-7540-4750<\/li>\n<\/ul>\n<ul>\n<li><strong>PharmD. Mark\u00e9ta Marvanov\u00e1, Ph.D., BCGP, BCPP, FASCP <\/strong><br \/>\nPacific University School of Pharmacy, Hillsboro, Oregon (USA)<br \/>\nORCID: 0000-0003-4998-8921<\/li>\n<\/ul>\n<ul>\n<li><strong><b>Prof. Juraj Parajka<\/b><\/strong><br \/>\nUniversity of Technology, Vienna (Austria)<br \/>\nORCID: 0000-0002-1177-5181<\/li>\n<\/ul>\n<ul>\n<li><strong>Ing. Martin Pavel<\/strong><br \/>\nSweco Hydroprojekt PLC, Prague (Czech Republic)<br \/>\nORCID: 0009-0009-8459-3985<\/li>\n<\/ul>\n<ul>\n<li><strong>Ing. Jana Po\u00f3rov\u00e1, PhD.<\/strong><br \/>\nSlovak Hydrometeorological Institute, Bratislava (Slovak Republic)<br \/>\nORCID: 0000-0002-0984-909X<\/li>\n<\/ul>\n<ul>\n<li><strong>Mgr. Martin Pt\u00e1k<\/strong><br \/>\nMinistry of the Environment, Prague (Czech Republic)<\/li>\n<\/ul>\n<ul>\n<li><strong>Mgr. Hana Sezimov\u00e1, Ph.D.<\/strong><br \/>\nUniversity of Ostrava, Ostrava (Czech Republic)<br \/>\nORCID: 0000-0001-6115-2217<\/li>\n<\/ul>\n<ul>\n<li><strong>Dr. Ing. Anton\u00edn T\u016fma<\/strong><br \/>\nPovod\u00ed Moravy, State Enterprise, Brno (Czech Republic)<\/li>\n<\/ul>\n<ul>\n<li><strong>Mgr. Luk\u00e1\u0161 Z\u00e1ruba<\/strong><br \/>\nMinistry of the Environment, Prague (Czech Republic)<\/li>\n<\/ul>\n<ul>\n<li><strong>Ing. Marcela Zrubkov\u00e1, Ph.D.<\/strong><br \/>\nNorth Moravian Water Works and Sewerage PLC, Ostrava (Czech Republic)<\/li>\n<\/ul>\n<h3>Scientific board\u00a0members\u00a0(alphabetical order):<\/h3>\n<ul>\n<li><strong>prof. Ing. Martin Hanel, Ph.D.<\/strong><br \/>\nCzech University of Life Sciences, Prague (Czech Republic)<br \/>\nT. G. Masaryk Water Research Institute, p. r. i., Prague (Czech Republic)<br \/>\nORCID: 0000-0001-8317-6711<\/li>\n<\/ul>\n<ul>\n<li><strong>prof. RNDr. Bohum\u00edr Jansk\u00fd, CSc.<\/strong><br \/>\nCharles University, Prague (Czech Republic)<br \/>\nORCID: 0000-0002-2547-307X<\/li>\n<\/ul>\n<ul>\n<li><strong>prof. Ing. Radka Kode\u0161ov\u00e1, CSc.<\/strong><br \/>\nCzech University of Life Sciences, Prague (Czech Republic)<br \/>\nORCID: 0000-0001-7236-8064<\/li>\n<\/ul>\n<ul>\n<li><strong>RNDr. Petr Kubala<\/strong><br \/>\nPovod\u00ed Vltavy, State Enterprise, Prague (Czech Republic)<br \/>\nORCID: 0000-0002-8945-6922<\/li>\n<\/ul>\n<ul>\n<li><strong>Ing. Tom\u00e1\u0161 Mi\u010dan\u00edk, Ph.D.<\/strong><br \/>\nT. G. Masaryk Water Research Institute, p. r. i, Ostrava (Czech Republic)<br \/>\nORCID: 0000-0002-5867-0985<\/li>\n<\/ul>\n<ul>\n<li><strong>Ing. Michael Trnka, CSc.<\/strong><br \/>\nAquatis PLC, Prague (Czech Republic)<\/li>\n<\/ul>\n<ul>\n<li><strong>Dr. rer. nat. Slavom\u00edr Vosika<\/strong><br \/>\nInternational Commission for the Protection of the Elbe River, Magdeburg (Germany)<\/li>\n<\/ul>\n<h3>Editors<\/h3>\n<ul>\n<li><strong>Editor-in-Chief<\/strong>:\n<ul>\n<li>Ing. Josef Nistler (managing editor) \u2013 T. G. Masaryk Water Research Institute, p. r. i., Prague (Czech Republic)<\/li>\n<\/ul>\n<\/li>\n<li><strong>Editors<\/strong>:\n<ul>\n<li>Mgr. Zuzana \u0158eho\u0159ov\u00e1 (technical editor) \u2013 T. G. Masaryk Water Research Institute, p. r. i., Prague (Czech Republic)<\/li>\n<li>Mgr. Hana Ber\u00e1nkov\u00e1 (technical editor, website) \u2013 T. G. Masaryk Water Research Institute, p. r. i., Prague (Czech Republic)<\/li>\n<\/ul>\n<\/li>\n<\/ul>\n","protected":false},"excerpt":{"rendered":"<p>Chairman of the Editorial and Scientific Board: Ing. Libor Ansorge, Ph.D. T. G. Masaryk Water Research Institute, p. r. i., Prague (Czech Republic) ORCID: 0000-0003-3963-8290 Editorial board members (alphabetical order): Mgr. R\u00f3bert Chria\u0161te\u013e Slovak Hydrometeorological Institute, Bansk\u00e1 Bystrica (Slovak Republic) doc. Ing. Michaela Dan\u00e1\u010dov\u00e1, Ph.D. Slovak University of Technology, Bratislava (Slovak Republic) ORCID: 0000-0002-5789-5365 RNDr&#8230;.  <a href=\"https:\/\/www.vtei.cz\/en\/editorial-board\/\" class=\"more-link\" title=\"Read Editorial team\">Read more &raquo;<\/a><\/p>\n","protected":false},"author":8,"featured_media":0,"parent":0,"menu_order":0,"comment_status":"closed","ping_status":"closed","template":"","meta":{"_acf_changed":false,"footnotes":""},"coauthors":[2416],"class_list":["post-28169","page","type-page","status-publish","hentry"],"acf":[],"_links":{"self":[{"href":"https:\/\/www.vtei.cz\/en\/wp-json\/wp\/v2\/pages\/28169","targetHints":{"allow":["GET"]}}],"collection":[{"href":"https:\/\/www.vtei.cz\/en\/wp-json\/wp\/v2\/pages"}],"about":[{"href":"https:\/\/www.vtei.cz\/en\/wp-json\/wp\/v2\/types\/page"}],"author":[{"embeddable":true,"href":"https:\/\/www.vtei.cz\/en\/wp-json\/wp\/v2\/users\/8"}],"replies":[{"embeddable":true,"href":"https:\/\/www.vtei.cz\/en\/wp-json\/wp\/v2\/comments?post=28169"}],"version-history":[{"count":47,"href":"https:\/\/www.vtei.cz\/en\/wp-json\/wp\/v2\/pages\/28169\/revisions"}],"predecessor-version":[{"id":38157,"href":"https:\/\/www.vtei.cz\/en\/wp-json\/wp\/v2\/pages\/28169\/revisions\/38157"}],"wp:attachment":[{"href":"https:\/\/www.vtei.cz\/en\/wp-json\/wp\/v2\/media?parent=28169"}],"wp:term":[{"taxonomy":"author","embeddable":true,"href":"https:\/\/www.vtei.cz\/en\/wp-json\/wp\/v2\/coauthors?post=28169"}],"curies":[{"name":"wp","href":"https:\/\/api.w.org\/{rel}","templated":true}]}}