{"id":261,"date":"2015-08-08T09:34:35","date_gmt":"2015-08-08T09:34:35","guid":{"rendered":"http:\/\/www.vtei.cz\/vydavatel-2\/"},"modified":"2026-03-24T12:15:13","modified_gmt":"2026-03-24T11:15:13","slug":"publisher","status":"publish","type":"page","link":"https:\/\/www.vtei.cz\/en\/publisher\/","title":{"rendered":"Publisher"},"content":{"rendered":"<a href=\"http:\/\/www.vtei.cz\/wp-content\/uploads\/2015\/08\/budova-VUVTGM.jpg\" rel=\"shadowbox[sbpost-261];player=img;\"><img decoding=\"async\" width=\"500\" height=\"354\" class=\"alignnone size-full wp-image-714 lazyload\" data-src=\"https:\/\/www.vtei.cz\/wp-content\/uploads\/2015\/08\/budova-VUVTGM.jpg\" alt=\"budova-VUVTGM\" data-srcset=\"https:\/\/www.vtei.cz\/wp-content\/uploads\/2015\/08\/budova-VUVTGM.jpg 500w, https:\/\/www.vtei.cz\/wp-content\/uploads\/2015\/08\/budova-VUVTGM-300x212.jpg 300w\" data-sizes=\"(max-width: 500px) 100vw, 500px\" src=\"data:image\/svg+xml;base64,PHN2ZyB3aWR0aD0iMSIgaGVpZ2h0PSIxIiB4bWxucz0iaHR0cDovL3d3dy53My5vcmcvMjAwMC9zdmciPjwvc3ZnPg==\" style=\"--smush-placeholder-width: 500px; --smush-placeholder-aspect-ratio: 500\/354;\" \/><\/a>\n<p>The T. G. Masaryk Water Research Institute (TGM WRI), a public research institution, was established as one of the first scientific institutes in the independent Czechoslovak Republic. The Institute was established as the State Hydrological Institute by a resolution of the Ministerial Council of 9<sup>th<\/sup>\u00a0December 1919. After 1989, the Institute was transferred to the newly established Ministry of the Environment and from 1993 it began to function as its contributory organization. As a public research institution, TGM WRI was\u00a0<a href=\"https:\/\/rvvi.msmt.cz\/detail.php?ic=00020711\">established<\/a>\u00a0by Provision No. 12\/06 of the Ministry of the Environment on the issuance of a charter of a public research institution dated 12<sup>th<\/sup>\u00a0December 2006. The Institute was entered into the Register of Public Research Institutions of the Ministry of Education, Youth and Sports on 1<sup>st<\/sup>\u00a0January 2007.<\/p>\n<p>The main mission of the Institute is:<\/p>\n<ul>\n<li>research of the status, use and changes in aquatic ecosystems and their relations in a landscape and related environmental risks and waste management,<\/li>\n<li>professional support of the water protection, prevention of flood risks and waste management based on the above mentioned research.<\/li>\n<\/ul>\n<p>The Institute focuses its activities mainly on research and development of strategies, methods and information systems in the areas of surface water and groundwater quality and quantity and water use, taking into account all technical, economic and other aspects in their mutual interactions.\u00a0The Institute provides objective and professional services primarily for public administration under the Water Act and participates in the development and implementation of the state water policy.\u00a0The activities of the Institute include research, expert and methodological activities and the development of information subsystems for the execution of state administration in waste management and the development of integrated approaches to prevention of environmental pollution.<\/p>\n<p>Publication activities of the Institute have a long tradition. The first hydrological publication was edited in 1926.\u00a0Nowadays, the Institute is an editor of <em>Vodohospod\u00e1\u0159sk\u00e9 technicko-ekonomick\u00e9 informace (VTEI) (Water Management Technical and Economic Information Journal \u2013 the VTEI Journal)<\/em>, a peer-reviewed bi-monthly (ISSN 0322-8916 and ISSN 1805-6555 \u2013 on-line), and publications providing results of the research \u2013 series <em>Research Studies<\/em> (ISSN 1211-3727), <em>Research for Practice<\/em> (ISSN 1211-3751) and <em>Collection of Papers of the TGM WRI<\/em> (ISSN 1802-4742).<\/p>\n<p>Website of\u00a0T.\u00a0G. Masaryk Water Research Institute is available\u00a0<a href=\"http:\/\/www.vuv.cz\">here<\/a>.<\/p>\n<p>&nbsp;<\/p>\n","protected":false},"excerpt":{"rendered":"<p>The T. G. Masaryk Water Research Institute (TGM WRI), a public research institution, was established as one of the first scientific institutes in the independent Czechoslovak Republic. The Institute was established as the State Hydrological Institute by a resolution of the Ministerial Council of 9th\u00a0December 1919. After 1989, the Institute was transferred to the newly&#8230;  <a href=\"https:\/\/www.vtei.cz\/en\/publisher\/\" class=\"more-link\" title=\"Read Publisher\">Read more &raquo;<\/a><\/p>\n","protected":false},"author":8,"featured_media":0,"parent":0,"menu_order":0,"comment_status":"closed","ping_status":"closed","template":"","meta":{"_acf_changed":false,"footnotes":""},"coauthors":[2416],"class_list":["post-261","page","type-page","status-publish","hentry"],"acf":[],"_links":{"self":[{"href":"https:\/\/www.vtei.cz\/en\/wp-json\/wp\/v2\/pages\/261","targetHints":{"allow":["GET"]}}],"collection":[{"href":"https:\/\/www.vtei.cz\/en\/wp-json\/wp\/v2\/pages"}],"about":[{"href":"https:\/\/www.vtei.cz\/en\/wp-json\/wp\/v2\/types\/page"}],"author":[{"embeddable":true,"href":"https:\/\/www.vtei.cz\/en\/wp-json\/wp\/v2\/users\/8"}],"replies":[{"embeddable":true,"href":"https:\/\/www.vtei.cz\/en\/wp-json\/wp\/v2\/comments?post=261"}],"version-history":[{"count":3,"href":"https:\/\/www.vtei.cz\/en\/wp-json\/wp\/v2\/pages\/261\/revisions"}],"predecessor-version":[{"id":38176,"href":"https:\/\/www.vtei.cz\/en\/wp-json\/wp\/v2\/pages\/261\/revisions\/38176"}],"wp:attachment":[{"href":"https:\/\/www.vtei.cz\/en\/wp-json\/wp\/v2\/media?parent=261"}],"wp:term":[{"taxonomy":"author","embeddable":true,"href":"https:\/\/www.vtei.cz\/en\/wp-json\/wp\/v2\/coauthors?post=261"}],"curies":[{"name":"wp","href":"https:\/\/api.w.org\/{rel}","templated":true}]}}