{"id":252,"date":"2015-08-26T15:57:07","date_gmt":"2015-08-26T15:57:07","guid":{"rendered":"http:\/\/www.vtei.cz\/?page_id=252"},"modified":"2026-03-17T22:18:32","modified_gmt":"2026-03-17T21:18:32","slug":"contacts","status":"publish","type":"page","link":"https:\/\/www.vtei.cz\/en\/contacts\/","title":{"rendered":"Contacts"},"content":{"rendered":"<h2>T. G. Masaryk Water Research Institute, p. r. i.<\/h2>\n<p align=\"JUSTIFY\">Podbabsk\u00e1 2582\/30<br \/>\nPrague 6<br \/>\n160 00<\/p>\n<p align=\"JUSTIFY\">Czech Republic<\/p>\n<p>Company ID: 00020711<br \/>\nVAT ID: CZ00020711<br \/>\nData box ID: tqepb8z<\/p>\n<div style=\"text-decoration: none; overflow: hidden; height: 400px; width: 650px; max-width: 100%;\">\n<div id=\"gmap_canvas\" style=\"height: 400px; width: 650px; max-width: 100%;\"><iframe style=\"height: 100%; width: 100%; border: 0;\" data-src=\"https:\/\/www.google.com\/maps\/embed?pb=!1m18!1m12!1m3!1d2558.3888406093774!2d14.391090315197555!3d50.11644541925682!2m3!1f0!2f0!3f0!3m2!1i1024!2i768!4f13.1!3m3!1m2!1s0x470beacb45e6fb53%3A0x8e85df4b797f12e9!2zVsO9emt1bW7DvSDDunN0YXYgdm9kb2hvc3BvZMOhxZlza8O9IFQuIEcuIE1hc2FyeWth!5e0!3m2!1scs!2scz!4v1536422623832\" width=\"300\" height=\"150\" frameborder=\"0\" src=\"data:image\/svg+xml;base64,PHN2ZyB3aWR0aD0iMSIgaGVpZ2h0PSIxIiB4bWxucz0iaHR0cDovL3d3dy53My5vcmcvMjAwMC9zdmciPjwvc3ZnPg==\" class=\"lazyload\" data-load-mode=\"1\"><\/iframe><\/div>\n<p><a id=\"auth-map-data\" class=\"embedded-map-code\" href=\"https:\/\/www.bootstrapskins.com\">bootstrap<\/a><\/p>\n<\/div>\n<p>&nbsp;<\/p>\n<div style=\"text-decoration: none; overflow: hidden; height: 400px; width: 650px; max-width: 100%;\">\n<h3>Contact VTEI Journal<\/h3>\n<p>Ing. Josef Nistler &#8211; editor-in-chief<br \/>\n<i class=\"fa fa-phone\"><\/i> +420 604 234 035<br \/>\n<i class=\"fa fa-envelope-o\"><\/i> <a href=\"mailto:josef.nistler@vuv.cz\">josef.nistler@vuv.cz<\/a><\/p>\n<p>Mgr. Zuzana \u0158eho\u0159ov\u00e1 &#8211; technical editor<br \/>\n<i class=\"fa fa-phone\"><\/i> +420 220 197 373<br \/>\n<i class=\"fa fa-envelope-o\"><\/i> <a href=\"mailto:zuzana.rehorova@vuv.cz\">zuzana.rehorova@vuv.cz<\/a><\/p>\n<p>Mgr. Hana Ber\u00e1nkov\u00e1 &#8211; technical editor, website<br \/>\n<i class=\"fa fa-phone\"><\/i> +420 220 197 325<br \/>\n<i class=\"fa fa-envelope-o\"><\/i> <a href=\"mailto:hana.berankova@vuv.cz\">hana.berankova@vuv.cz<\/a><\/p>\n<\/div>\n","protected":false},"excerpt":{"rendered":"<p>T. G. Masaryk Water Research Institute, p. r. i. Podbabsk\u00e1 2582\/30 Prague 6 160 00 Czech Republic Company ID: 00020711 VAT ID: CZ00020711 Data box ID: tqepb8z bootstrap &nbsp; Contact VTEI Journal Ing. Josef Nistler &#8211; editor-in-chief +420 604 234 035 josef.nistler@vuv.cz Mgr. Zuzana \u0158eho\u0159ov\u00e1 &#8211; technical editor +420 220 197 373 zuzana.rehorova@vuv.cz Mgr. Hana&#8230;  <a href=\"https:\/\/www.vtei.cz\/en\/contacts\/\" class=\"more-link\" title=\"Read Contacts\">Read more &raquo;<\/a><\/p>\n","protected":false},"author":8,"featured_media":0,"parent":0,"menu_order":0,"comment_status":"closed","ping_status":"closed","template":"","meta":{"_acf_changed":false,"footnotes":""},"coauthors":[73],"class_list":["post-252","page","type-page","status-publish","hentry"],"acf":[],"_links":{"self":[{"href":"https:\/\/www.vtei.cz\/en\/wp-json\/wp\/v2\/pages\/252","targetHints":{"allow":["GET"]}}],"collection":[{"href":"https:\/\/www.vtei.cz\/en\/wp-json\/wp\/v2\/pages"}],"about":[{"href":"https:\/\/www.vtei.cz\/en\/wp-json\/wp\/v2\/types\/page"}],"author":[{"embeddable":true,"href":"https:\/\/www.vtei.cz\/en\/wp-json\/wp\/v2\/users\/8"}],"replies":[{"embeddable":true,"href":"https:\/\/www.vtei.cz\/en\/wp-json\/wp\/v2\/comments?post=252"}],"version-history":[{"count":10,"href":"https:\/\/www.vtei.cz\/en\/wp-json\/wp\/v2\/pages\/252\/revisions"}],"predecessor-version":[{"id":38083,"href":"https:\/\/www.vtei.cz\/en\/wp-json\/wp\/v2\/pages\/252\/revisions\/38083"}],"wp:attachment":[{"href":"https:\/\/www.vtei.cz\/en\/wp-json\/wp\/v2\/media?parent=252"}],"wp:term":[{"taxonomy":"author","embeddable":true,"href":"https:\/\/www.vtei.cz\/en\/wp-json\/wp\/v2\/coauthors?post=252"}],"curies":[{"name":"wp","href":"https:\/\/api.w.org\/{rel}","templated":true}]}}